{"id":305,"date":"2021-02-12T11:36:01","date_gmt":"2021-02-12T11:36:01","guid":{"rendered":"https:\/\/nairomania.ro\/?page_id=305"},"modified":"2021-02-13T07:44:02","modified_gmt":"2021-02-13T07:44:02","slug":"inchirieri-spatii-birouri","status":"publish","type":"page","link":"https:\/\/nairomania.ro\/en\/inchirieri-spatii-birouri\/","title":{"rendered":"Office space for rent"},"content":{"rendered":"<p>The companies will no longer accept the chaos creating by working from home. Thus, it will return gradually, but surely to the office spaces where everything is under control and the results predictable.\n\nWe have in our portfolio, office spaces that can be negociated at preferential prices.<\/p>\n\n\n\n<p>\u00cen acest moment, avem \u00een portofoliu spa\u0163ii de birouri care pot fi negociate la pre\u0163uri preferen\u0163iale.<\/p>\n\n\n\n<div class=\"wp-block-buttons is-layout-flex wp-block-buttons-is-layout-flex\">\n<div class=\"wp-block-button\"><a class=\"wp-block-button__link\">Descoper\u01ce ofertele<\/a><\/div>\n<\/div>","protected":false},"excerpt":{"rendered":"<p>Companiile nu vor mai accepta haosul creat de munca de acas\u01ce. Astfel, se va reveni treptat, dar sigur c\u01cetre spa\u0163iile de birouri unde totul este sub control, iar rezultatele previzibile.\u2026<\/p>","protected":false},"author":1,"featured_media":0,"parent":0,"menu_order":0,"comment_status":"closed","ping_status":"closed","template":"","meta":{"_acf_changed":false,"footnotes":""},"class_list":["post-305","page","type-page","status-publish","hentry"],"acf":[],"_links":{"self":[{"href":"https:\/\/nairomania.ro\/en\/wp-json\/wp\/v2\/pages\/305","targetHints":{"allow":["GET"]}}],"collection":[{"href":"https:\/\/nairomania.ro\/en\/wp-json\/wp\/v2\/pages"}],"about":[{"href":"https:\/\/nairomania.ro\/en\/wp-json\/wp\/v2\/types\/page"}],"author":[{"embeddable":true,"href":"https:\/\/nairomania.ro\/en\/wp-json\/wp\/v2\/users\/1"}],"replies":[{"embeddable":true,"href":"https:\/\/nairomania.ro\/en\/wp-json\/wp\/v2\/comments?post=305"}],"version-history":[{"count":6,"href":"https:\/\/nairomania.ro\/en\/wp-json\/wp\/v2\/pages\/305\/revisions"}],"predecessor-version":[{"id":365,"href":"https:\/\/nairomania.ro\/en\/wp-json\/wp\/v2\/pages\/305\/revisions\/365"}],"wp:attachment":[{"href":"https:\/\/nairomania.ro\/en\/wp-json\/wp\/v2\/media?parent=305"}],"curies":[{"name":"wp","href":"https:\/\/api.w.org\/{rel}","templated":true}]}}